{"id":12565,"date":"2017-11-20T13:11:36","date_gmt":"2017-11-20T12:11:36","guid":{"rendered":"http:\/\/www.bgdbabogados.com\/aviso-legal\/"},"modified":"2020-03-17T17:05:58","modified_gmt":"2020-03-17T16:05:58","slug":"legal-notice","status":"publish","type":"page","link":"https:\/\/www.bgdbabogados.com\/en\/legal-notice\/","title":{"rendered":"Legal Notice"},"content":{"rendered":"<h3><strong>I- Titular.- <\/strong><\/h3>\n<p>Este sitio web pertenece y es gestionado por BUFETE GIMENO DEL BUSTO S.L. CIF CIF B99433815, en lo sucesivo denominado \u201cTitular\u201d, siendo su responsable persona f\u00edsica don Javier Ari\u00f1o Barcelona.<\/p>\n<h3><strong>II- Propiedad Intelectual<\/strong><\/h3>\n<p>Todos los contenidos de esta web son propiedad del Titular, o bien ha adquirido los correspondientes derechos de sus propietarios, y est\u00e1n protegidos por las leyes y tratados internacionales en materia de propiedad intelectual y, en su caso, industrial, as\u00ed como por la normativa reguladora de los nombres de dominio.<\/p>\n<p>Los usuarios del Sitio Web \u00fanicamente podr\u00e1n realizar un uso privado, personal o profesional de los contenidos de \u00e9ste. Est\u00e1 absolutamente prohibido, el uso del Sitio Web o de alguno de sus elementos con fines comerciales o il\u00edcitos.<\/p>\n<p>No obstante lo anterior, se permite la utilizaci\u00f3n o reproducci\u00f3n, total o parcial, sin \u00e1nimo de lucro, de sus contenidos siempre que se haga constar la fuente y se incluya un hiperv\u00ednculo a esta web, y en los casos permitidos en los art\u00edculos 31 a 34 de la Ley de Propiedad Intelectual (<a href=\"http:\/\/noticias.juridicas.com\/base_datos\/Admin\/rdleg1-1996.l1t3.html#c2\">Real Decreto Legislativo 1\/1996<\/a>, de 12 de abril).<\/p>\n<h3><strong>III- Privacidad:<\/strong><\/h3>\n<p>Con la navegaci\u00f3n por las p\u00e1ginas de esta web se facilita al servidor informaci\u00f3n relativa a su direcci\u00f3n IP (identificador \u00fanico para la transmisi\u00f3n de paquetes entre ordenadores conectados a Internet), fecha y hora de acceso, el hiperv\u00ednculo que le ha reenviado a \u00e9stas, su sistema operativo y el navegador utilizado. La informaci\u00f3n sobre el titular de la conexi\u00f3n a Internet no se puede obtener por si s\u00f3lo ni se tiene intenci\u00f3n de obtener salvo que sea por motivos de que se haya causado o se pretenda causar al titular da\u00f1os y\/o perjuicios. Los datos antedichos ser\u00e1n guardados y utilizados \u00fanicamente para el control y realizaci\u00f3n de estad\u00edsticas de acceso y visitas a la web, y en ning\u00fan caso ser\u00e1n comunicados o cedidos a terceros.<\/p>\n<p>La visita del Sitio Web\u00a0\u00a0no implica que el usuario deba suministrar ninguna informaci\u00f3n respecto a su identidad, no pudiendo ser asociada a un usuario concreto por la empresa.<\/p>\n<p>En el caso de que el usuario facilite \u00a0voluntariamente y a trav\u00e9s de E-mail \/acceso a web, \u00a0a BUFETE GIMENO DEL BUSTO S.L. \u00a0(en adelante BGdB) datos que sean\u00a0considerados &#8220;datos personales&#8221; del Cliente, estos ser\u00e1n incorporados a un fichero automatizado de titularidad de BGdB.<\/p>\n<p>El\u00a0<em>Cliente\u00a0<\/em>autoriza a BGdB al tratamiento de LOS DATOS\u00a0suministrados\u00a0para la prestaci\u00f3n del servicio solicitado<em> y\u00a0<\/em>a\u00a0la realizaci\u00f3n de actividades promocionales y publicitarias que puedan ser de su inter\u00e9s, para ampliar y\/o mejorar dicho servicio.<\/p>\n<p>BGdB se reserva el derecho a usar LOS DATOS facilitados por el Cliente de la forma que considere m\u00e1s adecuada, siempre conforme a los servicios solicitados.<\/p>\n<p>BGdB<em> \u00a0<\/em>tratar\u00e1 LOS DATOS con absoluta confidencialidad, no siendo accesibles a terceros para la finalidad distinta para la que ha sido autorizado, y\u00a0se compromete al cumplimiento de su obligaci\u00f3n de secreto de LOS DATOS, a su deber de guardarlos de forma confidencial y a la\u00a0adopci\u00f3n de las medidas necesarias para evitar su alteraci\u00f3n, p\u00e9rdida, tratamiento o acceso no autorizado, habida cuenta en todo momento del estado de la tecnolog\u00eda.<\/p>\n<p>El\u00a0<em>Cliente <\/em>\u00a0es el \u00fanico responsable de la veracidad y correcci\u00f3n de LOS DATOS facilitados y\u00a0garantiza que no infringen los derechos de propiedad intelectual o industrial de terceros, ni ninguna otra disposici\u00f3n legal y\u00a0se compromete a mantener LOS DATOS actualizados, exonerando a BGdB de responsabilidad en cuanto a hipot\u00e9ticos perjuicios que pudieran originarse por el uso de informaci\u00f3n no actualizada.<\/p>\n<p>A efecto de lo previsto en Reglamento (UE) 2016\/679 del Parlamento Europeo y del Consejo, de 27 de abril de 2016, BGdB \u00a0informa al\u00a0<em>Cliente <\/em>\u00a0de la existencia de un fichero de datos de car\u00e1cter personal denominado &#8220;CLIENTES&#8221; al que se incorporar\u00e1n LOS DATOS facilitados por el\u00a0<em>Cliente,<\/em> fichero titularidad de\u00a0BGdB .<\/p>\n<p>Por otro lado, le advertimos de su derecho a retirar, en cualquier momento, el consentimiento prestado para tratar sus datos, sin que ello afecte a la licitud del tratamiento basado en el consentimiento previo a su retirada.<\/p>\n<p>Finalmente, le recordamos, por imperativo legal, su derecho a presentar una reclamaci\u00f3n ante la Agencia Espa\u00f1ola de Protecci\u00f3n de Datos, si considerara que el tratamiento de datos no es acorde a la normativa europea.<\/p>\n<p>El\u00a0<em>Cliente <\/em>\u00a0podr\u00e1 ejercitar en todo momento sus derechos de acceso, rectificaci\u00f3n o supresi\u00f3n, o la limitaci\u00f3n de su tratamiento, o a oponerse al mismo a trav\u00e9s del correo electr\u00f3nico\u00a0<a href=\"mailto:bufete@bgdbabogados.com\">bufete@bgdbabogados.com<\/a> o mediante solicitud escrita y firmada dirigida al correo postal Bufete Gimeno del Busto, calle Coso n\u00ba24, 1\u00ba 50004 Zaragoza.<\/p>\n<p>Las controversias o reclamaciones surgidas de la interpretaci\u00f3n o ejecuci\u00f3n del presente <em>Aviso Legal<\/em> se regir\u00e1n por la legislaci\u00f3n espa\u00f1ola, y se someter\u00e1n a la jurisdicci\u00f3n de los Juzgados y Tribunales de Zaragoza.<\/p>\n<h3><strong>IV- Uso de Cookies<\/strong><\/h3>\n<p>De conformidad con la normativa espa\u00f1ola que regula el uso de cookies en relaci\u00f3n a la prestaci\u00f3n de servicios de comunicaciones electr\u00f3nicas, recogida en el Real Decreto-ley 13\/2012, de 30 de marzo, le informamos sobre las cookies utilizadas en el Sitio Web de BUFETE GIMENO DEL BUSTO (en adelante, el \u201cSitio Web\u201d) y el motivo de su uso. Asimismo, BUFETE GIMENO DEL BUSTO le informa de que al navegar en el Sitio Web usted est\u00e1 prestando su consentimiento para poder utilizarlas.<\/p>\n<p>Las cookies utilizadas en nuestro Sitio Web, son propias y de terceros, y nos permiten almacenar y acceder a informaci\u00f3n relativa al idioma, el tipo de navegador utilizado, y otras caracter\u00edsticas generales predefinidas por el usuario, as\u00ed como, seguir y analizar la actividad que lleva a cabo, con el objeto de introducir mejoras y prestar nuestros servicios de una manera m\u00e1s eficiente y personalizada. BUFETE GIMENO DEL BUSTO no utiliza cookies publicitarias o de publicidad comportamental.<\/p>\n<p>La utilizaci\u00f3n de las cookies ofrece numerosas ventajas en la prestaci\u00f3n de servicios de la sociedad de la informaci\u00f3n, puesto que, entre otras: (i) facilita al usuario la navegaci\u00f3n en el Sitio Web y el acceso a los diferentes servicios que ofrece; (ii) evita al usuario configurar las caracter\u00edsticas generales predefinidas cada vez que accede al Sitio Web; (iii) favorece la mejora del funcionamiento y de los servicios prestados a trav\u00e9s del Sitio Web, tras el correspondiente an\u00e1lisis de la informaci\u00f3n obtenida a trav\u00e9s de las cookies instaladas.<\/p>\n<p>No obstante, puede configurar su navegador, aceptando o rechazando todas las cookies, o bien seleccionar aqu\u00e9llas cuya instalaci\u00f3n admite y cu\u00e1les no, siguiendo uno de los siguientes procedimientos, dependiendo del navegador utilizado:<\/p>\n<p>Google Chrome<br \/>\nConfiguraci\u00f3n &gt; Mostrar opciones avanzadas &gt; Privacidad (Configuraci\u00f3n de Contenido) &gt; Cookies<br \/>\nM\u00e1s informaci\u00f3n:\u00a0<a href=\"https:\/\/support.google.com\/chrome\/answer\/95647?hl=es\" target=\"_blank\" rel=\"noopener noreferrer\">https:\/\/support.google.com\/chrome\/answer\/95647?hl=es<\/a><\/p>\n<p>Microsoft Internet Explorer<br \/>\nOpciones de Internet &gt; Privacidad &gt; Avanzada<br \/>\nM\u00e1s informaci\u00f3n:\u00a0<a href=\"http:\/\/windows.microsoft.com\/es-es\/internet-explorer\/delete-manage-cookies#ie=ie-9\" target=\"_blank\" rel=\"noopener noreferrer\">http:\/\/windows.microsoft.com\/es-es\/internet-explorer\/delete-manage-cookies#ie=ie-9<\/a><\/p>\n<p>Firefox<br \/>\nOpciones &gt; Privacidad &gt; Cookies<br \/>\nM\u00e1s informaci\u00f3n:\u00a0<a href=\"http:\/\/support.mozilla.org\/es\/kb\/habilitar-y-deshabilitar-cookies-que-los-sitios-we\" target=\"_blank\" rel=\"noopener noreferrer\">http:\/\/support.mozilla.org\/es\/kb\/habilitar-y-deshabilitar-cookies-que-los-sitios-we<\/a><\/p>\n<p>Safari, iPad y iPhone<br \/>\nPreferencias &gt; Privacidad<br \/>\nM\u00e1s informaci\u00f3n:\u00a0<a href=\"http:\/\/www.apple.com\/es\/privacy\/use-of-cookies\/\" target=\"_blank\" rel=\"noopener noreferrer\">http:\/\/www.apple.com\/es\/privacy\/use-of-cookies\/<\/a><\/p>\n<p>Opera<br \/>\nConfiguraci\u00f3n &gt; Opciones &gt; Avanzado &gt; Cookies<br \/>\nM\u00e1s informaci\u00f3n:\u00a0<a href=\"http:\/\/help.opera.com\/Linux\/10.60\/es-ES\/cookies.html\" target=\"_blank\" rel=\"noopener noreferrer\">http:\/\/help.opera.com\/Linux\/10.60\/es-ES\/cookies.html<\/a><\/p>\n<h4><strong>Tipos de cookies utilizados en este Sitio Web<\/strong><\/h4>\n<p>Cookies de an\u00e1lisis estad\u00edstico:<br \/>\nSon aquellos dispositivos que, o bien tratados por CUANTOFALTA o por terceros, permiten medir el n\u00famero de visitantes y estudiar estad\u00edsticamente la utilizaci\u00f3n que hacen los usuarios de nuestros servicios, a fin de optimizar la calidad de nuestros contenidos.<\/p>\n<p>Cookies de mejora del rendimiento:<br \/>\nConservan las preferencias de los usuarios para ciertas herramientas o servicios para que el usuario no tenga que reconfigurarlo cada vez que navega por el portal.<\/p>\n<p>Cookies de geolocalizaci\u00f3n:<br \/>\nEstas cookies son usadas por programas de terceros que tratan de localizar geogr\u00e1ficamente la situaci\u00f3n de su equipo, ordenador, tableta electr\u00f3nica o smartphone, para de manera totalmente an\u00f3nima ofrecerle contenidos y servicios m\u00e1s adecuados.<\/p>\n<p>Cookies de terceros:<br \/>\nSe podr\u00e1n instalar cookies de terceros que permitan gestionar y mejorar los servicios que \u00e9stos ofrecen, como por ejemplo, los enlaces a las redes sociales que permiten compartir nuestros contenidos.<\/p>\n<h4><strong>Google Analytics <\/strong><\/h4>\n<p>Nuestro Sitio Web utiliza Google Analytics, una herramienta web prestada por Google, Inc., empresa norteamericana de Delaware cuya oficina principal est\u00e1 en el 1600 Amphitheatre Parkway, Mountain View (California), CA 94043, Estados Unidos.<\/p>\n<p>Google Analytics utiliza cookies para ayudar al titular del Sitio a estudiar y analizar el uso que hacen los usuarios del Sitio Web. Para ello, Google se hace valer de su direcci\u00f3n IP.<\/p>\n<p>La informaci\u00f3n que almacena la cookie, incluyendo su direcci\u00f3n IP, ser\u00e1 directamente transmitida y archivada por Google en los servidores de Estados Unidos (mediante Puerto Seguro).<\/p>\n<p>Google usar\u00e1 estos datos por cuenta nuestra con la finalidad de trazar su navegaci\u00f3n por el Sitio Web y suministrarnos los resultados de los an\u00e1lisis. De esta forma, CUANTOFALTA obtiene informaci\u00f3n sobre la forma en que los usuarios navegan por el Sitio Web y, en base a esos datos, puede introducir cambios en el Sitio Web.<\/p>\n<p>Google, Inc, podr\u00e1 transmitir esta informaci\u00f3n a terceros cuando as\u00ed lo requiera la legislaci\u00f3n, o cuando terceros proveedores procesen la informaci\u00f3n por cuenta de Google.<\/p>\n<p>Google, Inc. no asociar\u00e1 su direcci\u00f3n IP con ning\u00fan otro dato del que disponga Google.<\/p>\n<p>En todo caso, Vd. puede rechazar el tratamiento de los datos rechazando el uso de cookies mediante la selecci\u00f3n de la configuraci\u00f3n apropiada de su navegador, sin embargo, debe Vd. saber que si lo hace no podemos garantizar la plena funcionalidad de este Sitio Web. Al utilizar este Sitio Web, Vd. consiente el tratamiento de informaci\u00f3n por parte de Google, Inc. en la forma y para los fines arriba indicados.<\/p>\n<p>Para m\u00e1s informaci\u00f3n sobre Google Analytics y sobre c\u00f3mo inhabilitar su uso, puede Vd. consultar la siguiente p\u00e1gina:\u00a0<a href=\"http:\/\/www.google.es\/intl\/es\/analytics\/privacyoverview.html\" target=\"_blank\" rel=\"noopener noreferrer\">http:\/\/www.google.es\/intl\/es\/analytics\/privacyoverview.html<\/a>.<\/p>\n<h3><\/h3>\n<h3><strong>V- Limitaci\u00f3n de Responsabilidad<\/strong><\/h3>\n<p>Los contenidos de este sitio web se ofrecen \u00fanicamente con finalidad informativa y divulgativa. No constituyen ni sustituyen un asesoramiento profesional, por lo que el Titular se exime de cualquier responsabilidad, directa o indirecta, que pudiera derivarse del uso o aplicaci\u00f3n de la informaci\u00f3n de esta web fuera de sus prop\u00f3sitos. En caso de que requiera asesoramiento jur\u00eddico, contrate los servicios de un abogado especializado.<\/p>\n","protected":false},"excerpt":{"rendered":"<p>I- Titular.- Este sitio web pertenece y es gestionado por BUFETE GIMENO DEL BUSTO S.L. CIF CIF B99433815, en lo sucesivo denominado \u201cTitular\u201d, siendo su responsable persona f\u00edsica don Javier<\/p>\n","protected":false},"author":1,"featured_media":0,"parent":0,"menu_order":0,"comment_status":"closed","ping_status":"closed","template":"","meta":{"footnotes":""},"class_list":["post-12565","page","type-page","status-publish","hentry"],"yoast_head":"<!-- This site is optimized with the Yoast SEO plugin v27.4 - https:\/\/yoast.com\/product\/yoast-seo-wordpress\/ -->\n<title>Legal Notice - BGdB Abogados<\/title>\n<meta name=\"description\" content=\"Aviso legal\" \/>\n<meta name=\"robots\" content=\"index, follow, max-snippet:-1, max-image-preview:large, max-video-preview:-1\" \/>\n<link rel=\"canonical\" href=\"https:\/\/www.bgdbabogados.com\/en\/legal-notice\/\" \/>\n<meta property=\"og:locale\" content=\"en_US\" \/>\n<meta property=\"og:type\" content=\"article\" \/>\n<meta property=\"og:title\" content=\"Legal Notice - BGdB Abogados\" \/>\n<meta property=\"og:description\" content=\"Aviso legal\" \/>\n<meta property=\"og:url\" content=\"https:\/\/www.bgdbabogados.com\/en\/legal-notice\/\" \/>\n<meta property=\"og:site_name\" content=\"BGdB Abogados\" \/>\n<meta property=\"article:modified_time\" content=\"2020-03-17T16:05:58+00:00\" \/>\n<meta name=\"twitter:card\" content=\"summary_large_image\" \/>\n<meta name=\"twitter:site\" content=\"@BGdB_abogados\" \/>\n<meta name=\"twitter:label1\" content=\"Est. reading time\" \/>\n\t<meta name=\"twitter:data1\" content=\"9 minutes\" \/>\n<script type=\"application\/ld+json\" class=\"yoast-schema-graph\">{\"@context\":\"https:\\\/\\\/schema.org\",\"@graph\":[{\"@type\":\"WebPage\",\"@id\":\"https:\\\/\\\/www.bgdbabogados.com\\\/en\\\/legal-notice\\\/\",\"url\":\"https:\\\/\\\/www.bgdbabogados.com\\\/en\\\/legal-notice\\\/\",\"name\":\"Legal Notice - BGdB Abogados\",\"isPartOf\":{\"@id\":\"https:\\\/\\\/www.bgdbabogados.com\\\/en\\\/#website\"},\"datePublished\":\"2017-11-20T12:11:36+00:00\",\"dateModified\":\"2020-03-17T16:05:58+00:00\",\"description\":\"Aviso legal\",\"breadcrumb\":{\"@id\":\"https:\\\/\\\/www.bgdbabogados.com\\\/en\\\/legal-notice\\\/#breadcrumb\"},\"inLanguage\":\"en-US\",\"potentialAction\":[{\"@type\":\"ReadAction\",\"target\":[\"https:\\\/\\\/www.bgdbabogados.com\\\/en\\\/legal-notice\\\/\"]}]},{\"@type\":\"BreadcrumbList\",\"@id\":\"https:\\\/\\\/www.bgdbabogados.com\\\/en\\\/legal-notice\\\/#breadcrumb\",\"itemListElement\":[{\"@type\":\"ListItem\",\"position\":1,\"name\":\"Portada\",\"item\":\"https:\\\/\\\/www.bgdbabogados.com\\\/en\\\/\"},{\"@type\":\"ListItem\",\"position\":2,\"name\":\"Legal Notice\"}]},{\"@type\":\"WebSite\",\"@id\":\"https:\\\/\\\/www.bgdbabogados.com\\\/en\\\/#website\",\"url\":\"https:\\\/\\\/www.bgdbabogados.com\\\/en\\\/\",\"name\":\"BGdB Abogados\",\"description\":\"Bufete Gimeno del Busto\",\"publisher\":{\"@id\":\"https:\\\/\\\/www.bgdbabogados.com\\\/en\\\/#organization\"},\"potentialAction\":[{\"@type\":\"SearchAction\",\"target\":{\"@type\":\"EntryPoint\",\"urlTemplate\":\"https:\\\/\\\/www.bgdbabogados.com\\\/en\\\/?s={search_term_string}\"},\"query-input\":{\"@type\":\"PropertyValueSpecification\",\"valueRequired\":true,\"valueName\":\"search_term_string\"}}],\"inLanguage\":\"en-US\"},{\"@type\":\"Organization\",\"@id\":\"https:\\\/\\\/www.bgdbabogados.com\\\/en\\\/#organization\",\"name\":\"BGdB Abogados\",\"url\":\"https:\\\/\\\/www.bgdbabogados.com\\\/en\\\/\",\"logo\":{\"@type\":\"ImageObject\",\"inLanguage\":\"en-US\",\"@id\":\"https:\\\/\\\/www.bgdbabogados.com\\\/en\\\/#\\\/schema\\\/logo\\\/image\\\/\",\"url\":\"https:\\\/\\\/www.bgdbabogados.com\\\/wp-content\\\/uploads\\\/2017\\\/06\\\/logo-dark-retina.png\",\"contentUrl\":\"https:\\\/\\\/www.bgdbabogados.com\\\/wp-content\\\/uploads\\\/2017\\\/06\\\/logo-dark-retina.png\",\"width\":273,\"height\":80,\"caption\":\"BGdB Abogados\"},\"image\":{\"@id\":\"https:\\\/\\\/www.bgdbabogados.com\\\/en\\\/#\\\/schema\\\/logo\\\/image\\\/\"},\"sameAs\":[\"https:\\\/\\\/x.com\\\/BGdB_abogados\",\"https:\\\/\\\/www.linkedin.com\\\/company\\\/bufete-gimeno-del-busto\\\/\"]}]}<\/script>\n<!-- \/ Yoast SEO plugin. -->","yoast_head_json":{"title":"Legal Notice - BGdB Abogados","description":"Aviso legal","robots":{"index":"index","follow":"follow","max-snippet":"max-snippet:-1","max-image-preview":"max-image-preview:large","max-video-preview":"max-video-preview:-1"},"canonical":"https:\/\/www.bgdbabogados.com\/en\/legal-notice\/","og_locale":"en_US","og_type":"article","og_title":"Legal Notice - BGdB Abogados","og_description":"Aviso legal","og_url":"https:\/\/www.bgdbabogados.com\/en\/legal-notice\/","og_site_name":"BGdB Abogados","article_modified_time":"2020-03-17T16:05:58+00:00","twitter_card":"summary_large_image","twitter_site":"@BGdB_abogados","twitter_misc":{"Est. reading time":"9 minutes"},"schema":{"@context":"https:\/\/schema.org","@graph":[{"@type":"WebPage","@id":"https:\/\/www.bgdbabogados.com\/en\/legal-notice\/","url":"https:\/\/www.bgdbabogados.com\/en\/legal-notice\/","name":"Legal Notice - BGdB Abogados","isPartOf":{"@id":"https:\/\/www.bgdbabogados.com\/en\/#website"},"datePublished":"2017-11-20T12:11:36+00:00","dateModified":"2020-03-17T16:05:58+00:00","description":"Aviso legal","breadcrumb":{"@id":"https:\/\/www.bgdbabogados.com\/en\/legal-notice\/#breadcrumb"},"inLanguage":"en-US","potentialAction":[{"@type":"ReadAction","target":["https:\/\/www.bgdbabogados.com\/en\/legal-notice\/"]}]},{"@type":"BreadcrumbList","@id":"https:\/\/www.bgdbabogados.com\/en\/legal-notice\/#breadcrumb","itemListElement":[{"@type":"ListItem","position":1,"name":"Portada","item":"https:\/\/www.bgdbabogados.com\/en\/"},{"@type":"ListItem","position":2,"name":"Legal Notice"}]},{"@type":"WebSite","@id":"https:\/\/www.bgdbabogados.com\/en\/#website","url":"https:\/\/www.bgdbabogados.com\/en\/","name":"BGdB Abogados","description":"Bufete Gimeno del Busto","publisher":{"@id":"https:\/\/www.bgdbabogados.com\/en\/#organization"},"potentialAction":[{"@type":"SearchAction","target":{"@type":"EntryPoint","urlTemplate":"https:\/\/www.bgdbabogados.com\/en\/?s={search_term_string}"},"query-input":{"@type":"PropertyValueSpecification","valueRequired":true,"valueName":"search_term_string"}}],"inLanguage":"en-US"},{"@type":"Organization","@id":"https:\/\/www.bgdbabogados.com\/en\/#organization","name":"BGdB Abogados","url":"https:\/\/www.bgdbabogados.com\/en\/","logo":{"@type":"ImageObject","inLanguage":"en-US","@id":"https:\/\/www.bgdbabogados.com\/en\/#\/schema\/logo\/image\/","url":"https:\/\/www.bgdbabogados.com\/wp-content\/uploads\/2017\/06\/logo-dark-retina.png","contentUrl":"https:\/\/www.bgdbabogados.com\/wp-content\/uploads\/2017\/06\/logo-dark-retina.png","width":273,"height":80,"caption":"BGdB Abogados"},"image":{"@id":"https:\/\/www.bgdbabogados.com\/en\/#\/schema\/logo\/image\/"},"sameAs":["https:\/\/x.com\/BGdB_abogados","https:\/\/www.linkedin.com\/company\/bufete-gimeno-del-busto\/"]}]}},"_links":{"self":[{"href":"https:\/\/www.bgdbabogados.com\/en\/wp-json\/wp\/v2\/pages\/12565","targetHints":{"allow":["GET"]}}],"collection":[{"href":"https:\/\/www.bgdbabogados.com\/en\/wp-json\/wp\/v2\/pages"}],"about":[{"href":"https:\/\/www.bgdbabogados.com\/en\/wp-json\/wp\/v2\/types\/page"}],"author":[{"embeddable":true,"href":"https:\/\/www.bgdbabogados.com\/en\/wp-json\/wp\/v2\/users\/1"}],"replies":[{"embeddable":true,"href":"https:\/\/www.bgdbabogados.com\/en\/wp-json\/wp\/v2\/comments?post=12565"}],"version-history":[{"count":1,"href":"https:\/\/www.bgdbabogados.com\/en\/wp-json\/wp\/v2\/pages\/12565\/revisions"}],"predecessor-version":[{"id":12694,"href":"https:\/\/www.bgdbabogados.com\/en\/wp-json\/wp\/v2\/pages\/12565\/revisions\/12694"}],"wp:attachment":[{"href":"https:\/\/www.bgdbabogados.com\/en\/wp-json\/wp\/v2\/media?parent=12565"}],"curies":[{"name":"wp","href":"https:\/\/api.w.org\/{rel}","templated":true}]}}