{"id":12571,"date":"2017-06-14T08:45:21","date_gmt":"2017-06-14T06:45:21","guid":{"rendered":"http:\/\/www.bgdbabogados.com\/home\/"},"modified":"2024-02-29T10:11:09","modified_gmt":"2024-02-29T09:11:09","slug":"home","status":"publish","type":"page","link":"https:\/\/www.bgdbabogados.com\/en\/","title":{"rendered":"Home"},"content":{"rendered":"<div class=\"wpb-content-wrapper\"><p>[vc_row dfd_row_config=&#8221;full_width_content&#8221; row_effect=&#8221;dfd-sticky-row&#8221; disable_element=&#8221;yes&#8221;][vc_column col_shadow=&#8221;box_shadow_enable:disable|shadow_horizontal:0|shadow_vertical:15|shadow_blur:50|shadow_spread:0|box_shadow_color:rgba(0%2C0%2C0%2C0.35)&#8221; col_shadow_hover=&#8221;box_shadow_enable:disable|shadow_horizontal:0|shadow_vertical:15|shadow_blur:50|shadow_spread:0|box_shadow_color:rgba(0%2C0%2C0%2C0.35)&#8221;][dfd_announcement align=&#8221;text-center&#8221; content_announcement=&#8221;Nos hemos trasladado a nuestra nueva sede en Coso, 24, 1\u00aa planta, Zaragoza.&#8221; ic_dfd_icons=&#8221;dfd-socicon-map-marker&#8221; main_border=&#8221;border_style:solid|border_radius:0|border_color:%23c0201d&#8221; icon_size=&#8221;14&#8243; main_style=&#8221;style-1&#8243; undefined=&#8221;&#8221; background_fild=&#8221;#c0201d&#8221; icon_color=&#8221;#ffffff&#8221; font_options=&#8221;font_size:14|color:%23ffffff&#8221; use_google_fonts=&#8221;yes&#8221; custom_fonts=&#8221;font_family:Roboto%3A100%2C100italic%2C300%2C300italic%2Cregular%2Citalic%2C500%2C500italic%2C700%2C700italic%2C900%2C900italic|font_style:400%20regular%3A400%3Anormal&#8221; full_width_background=&#8221;show&#8221;][\/vc_column][\/vc_row][vc_row dfd_row_config=&#8221;full_width_content&#8221;][vc_column][rev_slider_vc alias=&#8221;slider-home-en&#8221;][\/vc_column][\/vc_row][vc_row dfd_row_responsive_enable=&#8221;dfd-row-responsive-enable&#8221; responsive_styles=&#8221;padding_left_desktop:20|padding_right_desktop:20|padding_left_tablet:20|padding_right_tablet:20|padding_left_mobile:20|padding_right_mobile:20&#8243;][vc_column col_shadow=&#8221;box_shadow_enable:enable|shadow_horizontal:0|shadow_vertical:15|shadow_blur:80|shadow_spread:-5|box_shadow_color:rgba(0%2C0%2C0%2C0.25)&#8221; col_shadow_hover=&#8221;box_shadow_enable:enable|shadow_horizontal:0|shadow_vertical:15|shadow_blur:80|shadow_spread:-5|box_shadow_color:rgba(0%2C0%2C0%2C0.25)&#8221; css=&#8221;.vc_custom_1489230773469{margin-top: -60px !important;background-color: #ffffff !important;}&#8221;][dfd_spacer screen_wide_spacer_size=&#8221;30&#8243; screen_normal_resolution=&#8221;1280&#8243; screen_tablet_resolution=&#8221;1024&#8243; screen_mobile_resolution=&#8221;800&#8243; screen_mobile_spacer_size=&#8221;60&#8243;][vc_row_inner][vc_column_inner width=&#8221;1\/3&#8243; dfd_column_responsive_enable=&#8221;dfd-column-responsive-enable&#8221; css=&#8221;.vc_custom_1489229410330{border-right-width: 1px !important;padding-right: 20px !important;padding-left: 40px !important;border-right-color: #cacaca !important;border-right-style: dotted !important;}&#8221; col_inner_shadow=&#8221;box_shadow_enable:disable|shadow_horizontal:0|shadow_vertical:15|shadow_blur:50|shadow_spread:0|box_shadow_color:rgba(0%2C0%2C0%2C0.35)&#8221; col_inner_shadow_hover=&#8221;box_shadow_enable:disable|shadow_horizontal:0|shadow_vertical:15|shadow_blur:50|shadow_spread:0|box_shadow_color:rgba(0%2C0%2C0%2C0.35)&#8221; responsive_styles=&#8221;padding_left_tablet:20|border_right_mobile:0|padding_left_mobile:20&#8243;][dfd_spacer screen_wide_spacer_size=&#8221;15&#8243; screen_normal_resolution=&#8221;1280&#8243; screen_tablet_resolution=&#8221;1024&#8243; screen_mobile_resolution=&#8221;800&#8243; screen_mobile_spacer_size=&#8221;0&#8243;][dfd_info_box module_animation=&#8221;transition.slideUpBigIn&#8221; title=&#8221;Over 50 years\u2019<br \/>\nexperience&#8221; subtitle=&#8221;&#8221; main_content=&#8221;Our expertise throughout the firm\u2019s continual development to where it is today is provided by an outstanding team of lawyers who are passionate about their profession and form part of a leading multi-service practice that upholds traditional values.&#8221; icon_type=&#8221;custom&#8221; main_style=&#8221;style-1&#8243; main_layout=&#8221;layout-3&#8243; undefined=&#8221;&#8221; icon_image_id=&#8221;11336&#8243; title_font_options=&#8221;tag:div|line_height:22&#8243; icon_size=&#8221;41&#8243; font_options=&#8221;color:%236a6a6a&#8221; title_responsive=&#8221;font_size_tablet:17&#8243;][dfd_spacer screen_wide_spacer_size=&#8221;10&#8243; screen_normal_resolution=&#8221;1280&#8243; screen_tablet_resolution=&#8221;1024&#8243; screen_mobile_resolution=&#8221;800&#8243; screen_mobile_spacer_size=&#8221;50&#8243;][\/vc_column_inner][vc_column_inner width=&#8221;1\/3&#8243; dfd_column_responsive_enable=&#8221;dfd-column-responsive-enable&#8221; css=&#8221;.vc_custom_1489229425879{border-right-width: 1px !important;padding-right: 20px !important;padding-left: 20px !important;border-right-color: #cacaca !important;border-right-style: dotted !important;}&#8221; col_inner_shadow=&#8221;box_shadow_enable:disable|shadow_horizontal:0|shadow_vertical:15|shadow_blur:50|shadow_spread:0|box_shadow_color:rgba(0%2C0%2C0%2C0.35)&#8221; col_inner_shadow_hover=&#8221;box_shadow_enable:disable|shadow_horizontal:0|shadow_vertical:15|shadow_blur:50|shadow_spread:0|box_shadow_color:rgba(0%2C0%2C0%2C0.35)&#8221; responsive_styles=&#8221;border_right_mobile:0&#8243;][dfd_spacer screen_wide_spacer_size=&#8221;15&#8243; screen_normal_resolution=&#8221;1280&#8243; screen_tablet_resolution=&#8221;1024&#8243; screen_mobile_resolution=&#8221;800&#8243; screen_mobile_spacer_size=&#8221;0&#8243;][dfd_info_box module_animation=&#8221;transition.slideUpBigIn&#8221; title=&#8221;Recognition<br \/>\nand accreditations&#8221; subtitle=&#8221;&#8221; main_content=&#8221;In addition to recognition by our clients, the firm is recommended as one of Aragon\u2019s dependable leading law firms by the well-known international legal directory THE WORLD LAW GUIDE.&#8221; read_more=&#8221;box&#8221; more_show=&#8221;hover&#8221; readmore_style=&#8221;read-more-3&#8243; icon_type=&#8221;custom&#8221; main_style=&#8221;style-1&#8243; main_layout=&#8221;layout-3&#8243; link=&#8221;url:https%3A%2F%2Fwww.lexadin.nl%2Fwlg%2Flawfirm%2Fnofr%2Feur%2Flxadspa.htm%23Zaragoza||target:%20_blank|&#8221; readmore_show=&#8221;show&#8221; undefined=&#8221;&#8221; icon_image_id=&#8221;11337&#8243; title_font_options=&#8221;tag:div|line_height:22&#8243; icon_size=&#8221;40&#8243; title_responsive=&#8221;font_size_tablet:17&#8243; font_options=&#8221;color:%236a6a6a&#8221; tutorials=&#8221;&#8221;][dfd_spacer screen_wide_spacer_size=&#8221;10&#8243; screen_normal_resolution=&#8221;1280&#8243; screen_tablet_resolution=&#8221;1024&#8243; screen_mobile_resolution=&#8221;800&#8243; screen_mobile_spacer_size=&#8221;50&#8243;][\/vc_column_inner][vc_column_inner width=&#8221;1\/3&#8243; dfd_column_responsive_enable=&#8221;dfd-column-responsive-enable&#8221; css=&#8221;.vc_custom_1489229380175{padding-right: 40px !important;padding-left: 20px !important;}&#8221; col_inner_shadow=&#8221;box_shadow_enable:disable|shadow_horizontal:0|shadow_vertical:15|shadow_blur:50|shadow_spread:0|box_shadow_color:rgba(0%2C0%2C0%2C0.35)&#8221; col_inner_shadow_hover=&#8221;box_shadow_enable:disable|shadow_horizontal:0|shadow_vertical:15|shadow_blur:50|shadow_spread:0|box_shadow_color:rgba(0%2C0%2C0%2C0.35)&#8221; responsive_styles=&#8221;padding_right_tablet:20|padding_right_mobile:20&#8243;][dfd_spacer screen_wide_spacer_size=&#8221;15&#8243; screen_normal_resolution=&#8221;1280&#8243; screen_tablet_resolution=&#8221;1024&#8243; screen_mobile_resolution=&#8221;800&#8243; screen_mobile_spacer_size=&#8221;0&#8243;][dfd_info_box module_animation=&#8221;transition.slideUpBigIn&#8221; title=&#8221;Highly-qualified<br \/>\nlawyers&#8221; subtitle=&#8221;&#8221; main_content=&#8221;We count on our team of highly-qualified lawyers to deliver excellent levels of service to our clients. Some members of the firm combine professional practice with teaching at state universities and in private establishments.&#8221; icon_type=&#8221;custom&#8221; main_style=&#8221;style-1&#8243; main_layout=&#8221;layout-3&#8243; undefined=&#8221;&#8221; icon_image_id=&#8221;11338&#8243; title_font_options=&#8221;tag:div|line_height:22&#8243; icon_size=&#8221;45&#8243; title_responsive=&#8221;font_size_tablet:17&#8243; font_options=&#8221;color:%236a6a6a&#8221;][dfd_spacer screen_wide_spacer_size=&#8221;10&#8243; screen_normal_resolution=&#8221;1280&#8243; screen_tablet_resolution=&#8221;1024&#8243; screen_mobile_resolution=&#8221;800&#8243; screen_mobile_spacer_size=&#8221;0&#8243;][\/vc_column_inner][\/vc_row_inner][dfd_spacer screen_wide_spacer_size=&#8221;20&#8243; screen_normal_resolution=&#8221;1280&#8243; screen_tablet_resolution=&#8221;1024&#8243; screen_mobile_resolution=&#8221;800&#8243; screen_mobile_spacer_size=&#8221;50&#8243;][\/vc_column][vc_column][dfd_spacer screen_wide_spacer_size=&#8221;70&#8243; screen_normal_resolution=&#8221;1280&#8243; screen_tablet_resolution=&#8221;1024&#8243; screen_mobile_resolution=&#8221;800&#8243; screen_tablet_spacer_size=&#8221;70&#8243; screen_mobile_spacer_size=&#8221;70&#8243;][\/vc_column][\/vc_row][vc_row disable_element=&#8221;yes&#8221; dfd_row_responsive_enable=&#8221;dfd-row-responsive-enable&#8221; responsive_styles=&#8221;padding_left_tablet:20|padding_right_tablet:20|padding_left_mobile:20|padding_right_mobile:20&#8243;][vc_column][dfd_spacer screen_wide_spacer_size=&#8221;10&#8243; screen_normal_resolution=&#8221;1280&#8243; screen_tablet_resolution=&#8221;1024&#8243; screen_mobile_resolution=&#8221;800&#8243; screen_mobile_spacer_size=&#8221;80&#8243;][dfd_call_to_action block_title=&#8221;Bufete Gimeno del Busto, a leading, full-service law firm based in Aragon, and a member of the Iurispan network of Spanish law firms.&#8221; block_subtitle=&#8221;&#8221; button_text=&#8221;www.iurispan.org&#8221; button_link=&#8221;url:http%3A%2F%2Fwww.iurispan.org||target:%20_blank|&#8221; horizontal_padding=&#8221;35&#8243; vertical_padding=&#8221;35&#8243; main_border_radius=&#8221;0&#8243; main_style=&#8221;style-1&#8243; undefined=&#8221;&#8221; title_font_options=&#8221;tag:div&#8221; button_bg=&#8221;#c0201d&#8221; button_hover_bg=&#8221;#c0201d&#8221; button_block_bg=&#8221;#c0201d&#8221; bt_text_color=&#8221;#ffffff&#8221; bt_hover_text_color=&#8221;#333333&#8243; button_padding_left=&#8221;35&#8243; button_padding_right=&#8221;35&#8243; button_font_options=&#8221;font_size:20&#8243; main_bg_color=&#8221;#847f68&#8243;][dfd_spacer screen_wide_spacer_size=&#8221;80&#8243; screen_normal_resolution=&#8221;1280&#8243; screen_tablet_resolution=&#8221;1024&#8243; screen_mobile_resolution=&#8221;800&#8243; screen_mobile_spacer_size=&#8221;80&#8243;][\/vc_column][\/vc_row][vc_row][vc_column][vc_row_inner][vc_column_inner width=&#8221;1\/3&#8243;][vc_hoverbox image=&#8221;12881&#8243; primary_title=&#8221;Values&#8221; primary_title_font_container=&#8221;font_size:30|color:%23ffffff&#8221; primary_title_google_fonts=&#8221;font_family:Roboto%3A100%2C100italic%2C300%2C300italic%2Cregular%2Citalic%2C500%2C500italic%2C700%2C700italic%2C900%2C900italic|font_style:700%20bold%20regular%3A700%3Anormal&#8221; hover_title=&#8221;&#8221; hover_align=&#8221;left&#8221; hover_title_font_container=&#8221;color:%23ffffff&#8221; hover_title_google_fonts=&#8221;font_family:Roboto%3A100%2C100italic%2C300%2C300italic%2Cregular%2Citalic%2C500%2C500italic%2C700%2C700italic%2C900%2C900italic|font_style:500%20bold%20regular%3A500%3Anormal&#8221; shape=&#8221;square&#8221; hover_background_color=&#8221;custom&#8221; use_custom_fonts_primary_title=&#8221;true&#8221; use_custom_fonts_hover_title=&#8221;true&#8221; hover_custom_background=&#8221;#c0201d&#8221;]<\/p>\n<p style=\"text-align: left;\"><span style=\"color: #ffffff;\">&#8211; <strong>Honest<\/strong>, <strong>expert<\/strong> legal advice<\/span><br \/>\n<span style=\"color: #ffffff;\">&#8211; Client services based on <strong>quality<\/strong> and <strong>speed<\/strong><\/span><br \/>\n<span style=\"color: #ffffff;\">&#8211; <strong>Rigorous ethical standards<\/strong> in our relations with other lawyers and judges<\/span><br \/>\n<span style=\"color: #ffffff;\">&#8211; Time- and results-based <strong>charging<\/strong> system<\/span><\/p>\n<p>[\/vc_hoverbox][\/vc_column_inner][vc_column_inner width=&#8221;1\/3&#8243;][vc_hoverbox image=&#8221;12869&#8243; primary_title=&#8221;Clients&#8221; primary_title_font_container=&#8221;font_size:30|color:%23ffffff&#8221; primary_title_google_fonts=&#8221;font_family:Roboto%3A100%2C100italic%2C300%2C300italic%2Cregular%2Citalic%2C500%2C500italic%2C700%2C700italic%2C900%2C900italic|font_style:700%20bold%20regular%3A700%3Anormal&#8221; hover_title=&#8221;&#8221; hover_align=&#8221;left&#8221; hover_title_font_container=&#8221;color:%23ffffff&#8221; hover_title_google_fonts=&#8221;font_family:Roboto%3A100%2C100italic%2C300%2C300italic%2Cregular%2Citalic%2C500%2C500italic%2C700%2C700italic%2C900%2C900italic|font_style:500%20bold%20regular%3A500%3Anormal&#8221; shape=&#8221;square&#8221; hover_background_color=&#8221;custom&#8221; use_custom_fonts_primary_title=&#8221;true&#8221; use_custom_fonts_hover_title=&#8221;true&#8221; hover_custom_background=&#8221;#c0201d&#8221;]<span style=\"color: #ffffff;\">Our firm does not just deal with major clients, our practice is open to everyone, and we do our utmost to ensure the services we provide reciprocate the trust you place in us.<\/span>[\/vc_hoverbox][\/vc_column_inner][vc_column_inner width=&#8221;1\/3&#8243;][vc_hoverbox image=&#8221;12884&#8243; primary_title=&#8221;Our presence&#8221; primary_title_font_container=&#8221;font_size:30|color:%23ffffff&#8221; primary_title_google_fonts=&#8221;font_family:Roboto%3A100%2C100italic%2C300%2C300italic%2Cregular%2Citalic%2C500%2C500italic%2C700%2C700italic%2C900%2C900italic|font_style:700%20bold%20regular%3A700%3Anormal&#8221; hover_title=&#8221;&#8221; hover_align=&#8221;left&#8221; hover_title_font_container=&#8221;color:%23ffffff&#8221; hover_title_google_fonts=&#8221;font_family:Roboto%3A100%2C100italic%2C300%2C300italic%2Cregular%2Citalic%2C500%2C500italic%2C700%2C700italic%2C900%2C900italic|font_style:500%20bold%20regular%3A500%3Anormal&#8221; shape=&#8221;square&#8221; hover_background_color=&#8221;custom&#8221; use_custom_fonts_primary_title=&#8221;true&#8221; use_custom_fonts_hover_title=&#8221;true&#8221; hover_custom_background=&#8221;#c0201d&#8221;]<span style=\"color: #ffffff;\">Through our membership of a national network of law firms and our agreements with foreign law firms we are able to offer advice and assistance to our clients in Spain as well as international clients.<\/span>[\/vc_hoverbox][\/vc_column_inner][\/vc_row_inner][dfd_spacer screen_wide_spacer_size=&#8221;40&#8243; screen_normal_resolution=&#8221;1280&#8243; screen_tablet_resolution=&#8221;1024&#8243; screen_mobile_resolution=&#8221;800&#8243; screen_mobile_spacer_size=&#8221;80&#8243;][\/vc_column][\/vc_row][vc_row][vc_column][dfd_spacer screen_wide_spacer_size=&#8221;50&#8243; screen_normal_resolution=&#8221;1280&#8243; screen_tablet_resolution=&#8221;1024&#8243; screen_mobile_resolution=&#8221;800&#8243; screen_tablet_spacer_size=&#8221;90&#8243; screen_mobile_spacer_size=&#8221;80&#8243;][\/vc_column][\/vc_row]<\/p>\n<\/div>","protected":false},"excerpt":{"rendered":"<p>[vc_row dfd_row_config=&#8221;full_width_content&#8221; row_effect=&#8221;dfd-sticky-row&#8221; disable_element=&#8221;yes&#8221;][vc_column col_shadow=&#8221;box_shadow_enable:disable|shadow_horizontal:0|shadow_vertical:15|shadow_blur:50|shadow_spread:0|box_shadow_color:rgba(0%2C0%2C0%2C0.35)&#8221; col_shadow_hover=&#8221;box_shadow_enable:disable|shadow_horizontal:0|shadow_vertical:15|shadow_blur:50|shadow_spread:0|box_shadow_color:rgba(0%2C0%2C0%2C0.35)&#8221;][dfd_announcement align=&#8221;text-center&#8221; content_announcement=&#8221;Nos hemos trasladado a nuestra nueva sede en Coso, 24, 1\u00aa planta, Zaragoza.&#8221; ic_dfd_icons=&#8221;dfd-socicon-map-marker&#8221; main_border=&#8221;border_style:solid|border_radius:0|border_color:%23c0201d&#8221; icon_size=&#8221;14&#8243; main_style=&#8221;style-1&#8243; undefined=&#8221;&#8221; background_fild=&#8221;#c0201d&#8221; icon_color=&#8221;#ffffff&#8221; font_options=&#8221;font_size:14|color:%23ffffff&#8221; use_google_fonts=&#8221;yes&#8221; custom_fonts=&#8221;font_family:Roboto%3A100%2C100italic%2C300%2C300italic%2Cregular%2Citalic%2C500%2C500italic%2C700%2C700italic%2C900%2C900italic|font_style:400%20regular%3A400%3Anormal&#8221;<\/p>\n","protected":false},"author":1,"featured_media":0,"parent":0,"menu_order":0,"comment_status":"closed","ping_status":"closed","template":"tmp-page.php","meta":{"footnotes":""},"class_list":["post-12571","page","type-page","status-publish","hentry"],"yoast_head":"<!-- This site is optimized with the Yoast SEO plugin v27.4 - https:\/\/yoast.com\/product\/yoast-seo-wordpress\/ -->\n<title>Home - BGdB Abogados<\/title>\n<meta name=\"description\" content=\"Bufete Gimeno del Busto Abogados es una firma legal espa\u00f1ola, multidisciplinar, con m\u00e1s de 45 a\u00f1os de experiencia.\" \/>\n<meta name=\"robots\" content=\"index, follow, max-snippet:-1, max-image-preview:large, max-video-preview:-1\" \/>\n<link rel=\"canonical\" href=\"https:\/\/www.bgdbabogados.com\/en\/\" \/>\n<meta property=\"og:locale\" content=\"en_US\" \/>\n<meta property=\"og:type\" content=\"article\" \/>\n<meta property=\"og:title\" content=\"Home - BGdB Abogados\" \/>\n<meta property=\"og:description\" content=\"Bufete Gimeno del Busto Abogados es una firma legal espa\u00f1ola, multidisciplinar, con m\u00e1s de 45 a\u00f1os de experiencia.\" \/>\n<meta property=\"og:url\" content=\"https:\/\/www.bgdbabogados.com\/en\/\" \/>\n<meta property=\"og:site_name\" content=\"BGdB Abogados\" \/>\n<meta property=\"article:modified_time\" content=\"2024-02-29T09:11:09+00:00\" \/>\n<meta name=\"twitter:card\" content=\"summary_large_image\" \/>\n<meta name=\"twitter:site\" content=\"@BGdB_abogados\" \/>\n<meta name=\"twitter:label1\" content=\"Est. reading time\" \/>\n\t<meta name=\"twitter:data1\" content=\"3 minutes\" \/>\n<script type=\"application\/ld+json\" class=\"yoast-schema-graph\">{\"@context\":\"https:\\\/\\\/schema.org\",\"@graph\":[{\"@type\":\"WebPage\",\"@id\":\"https:\\\/\\\/www.bgdbabogados.com\\\/en\\\/\",\"url\":\"https:\\\/\\\/www.bgdbabogados.com\\\/en\\\/\",\"name\":\"Home - BGdB Abogados\",\"isPartOf\":{\"@id\":\"https:\\\/\\\/www.bgdbabogados.com\\\/en\\\/#website\"},\"datePublished\":\"2017-06-14T06:45:21+00:00\",\"dateModified\":\"2024-02-29T09:11:09+00:00\",\"description\":\"Bufete Gimeno del Busto Abogados es una firma legal espa\u00f1ola, multidisciplinar, con m\u00e1s de 45 a\u00f1os de experiencia.\",\"breadcrumb\":{\"@id\":\"https:\\\/\\\/www.bgdbabogados.com\\\/en\\\/#breadcrumb\"},\"inLanguage\":\"en-US\",\"potentialAction\":[{\"@type\":\"ReadAction\",\"target\":[\"https:\\\/\\\/www.bgdbabogados.com\\\/en\\\/\"]}]},{\"@type\":\"BreadcrumbList\",\"@id\":\"https:\\\/\\\/www.bgdbabogados.com\\\/en\\\/#breadcrumb\",\"itemListElement\":[{\"@type\":\"ListItem\",\"position\":1,\"name\":\"Portada\",\"item\":\"https:\\\/\\\/www.bgdbabogados.com\\\/en\\\/\"},{\"@type\":\"ListItem\",\"position\":2,\"name\":\"Home\"}]},{\"@type\":\"WebSite\",\"@id\":\"https:\\\/\\\/www.bgdbabogados.com\\\/en\\\/#website\",\"url\":\"https:\\\/\\\/www.bgdbabogados.com\\\/en\\\/\",\"name\":\"BGdB Abogados\",\"description\":\"Bufete Gimeno del Busto\",\"publisher\":{\"@id\":\"https:\\\/\\\/www.bgdbabogados.com\\\/en\\\/#organization\"},\"potentialAction\":[{\"@type\":\"SearchAction\",\"target\":{\"@type\":\"EntryPoint\",\"urlTemplate\":\"https:\\\/\\\/www.bgdbabogados.com\\\/en\\\/?s={search_term_string}\"},\"query-input\":{\"@type\":\"PropertyValueSpecification\",\"valueRequired\":true,\"valueName\":\"search_term_string\"}}],\"inLanguage\":\"en-US\"},{\"@type\":\"Organization\",\"@id\":\"https:\\\/\\\/www.bgdbabogados.com\\\/en\\\/#organization\",\"name\":\"BGdB Abogados\",\"url\":\"https:\\\/\\\/www.bgdbabogados.com\\\/en\\\/\",\"logo\":{\"@type\":\"ImageObject\",\"inLanguage\":\"en-US\",\"@id\":\"https:\\\/\\\/www.bgdbabogados.com\\\/en\\\/#\\\/schema\\\/logo\\\/image\\\/\",\"url\":\"https:\\\/\\\/www.bgdbabogados.com\\\/wp-content\\\/uploads\\\/2017\\\/06\\\/logo-dark-retina.png\",\"contentUrl\":\"https:\\\/\\\/www.bgdbabogados.com\\\/wp-content\\\/uploads\\\/2017\\\/06\\\/logo-dark-retina.png\",\"width\":273,\"height\":80,\"caption\":\"BGdB Abogados\"},\"image\":{\"@id\":\"https:\\\/\\\/www.bgdbabogados.com\\\/en\\\/#\\\/schema\\\/logo\\\/image\\\/\"},\"sameAs\":[\"https:\\\/\\\/x.com\\\/BGdB_abogados\",\"https:\\\/\\\/www.linkedin.com\\\/company\\\/bufete-gimeno-del-busto\\\/\"]}]}<\/script>\n<!-- \/ Yoast SEO plugin. -->","yoast_head_json":{"title":"Home - BGdB Abogados","description":"Bufete Gimeno del Busto Abogados es una firma legal espa\u00f1ola, multidisciplinar, con m\u00e1s de 45 a\u00f1os de experiencia.","robots":{"index":"index","follow":"follow","max-snippet":"max-snippet:-1","max-image-preview":"max-image-preview:large","max-video-preview":"max-video-preview:-1"},"canonical":"https:\/\/www.bgdbabogados.com\/en\/","og_locale":"en_US","og_type":"article","og_title":"Home - BGdB Abogados","og_description":"Bufete Gimeno del Busto Abogados es una firma legal espa\u00f1ola, multidisciplinar, con m\u00e1s de 45 a\u00f1os de experiencia.","og_url":"https:\/\/www.bgdbabogados.com\/en\/","og_site_name":"BGdB Abogados","article_modified_time":"2024-02-29T09:11:09+00:00","twitter_card":"summary_large_image","twitter_site":"@BGdB_abogados","twitter_misc":{"Est. reading time":"3 minutes"},"schema":{"@context":"https:\/\/schema.org","@graph":[{"@type":"WebPage","@id":"https:\/\/www.bgdbabogados.com\/en\/","url":"https:\/\/www.bgdbabogados.com\/en\/","name":"Home - BGdB Abogados","isPartOf":{"@id":"https:\/\/www.bgdbabogados.com\/en\/#website"},"datePublished":"2017-06-14T06:45:21+00:00","dateModified":"2024-02-29T09:11:09+00:00","description":"Bufete Gimeno del Busto Abogados es una firma legal espa\u00f1ola, multidisciplinar, con m\u00e1s de 45 a\u00f1os de experiencia.","breadcrumb":{"@id":"https:\/\/www.bgdbabogados.com\/en\/#breadcrumb"},"inLanguage":"en-US","potentialAction":[{"@type":"ReadAction","target":["https:\/\/www.bgdbabogados.com\/en\/"]}]},{"@type":"BreadcrumbList","@id":"https:\/\/www.bgdbabogados.com\/en\/#breadcrumb","itemListElement":[{"@type":"ListItem","position":1,"name":"Portada","item":"https:\/\/www.bgdbabogados.com\/en\/"},{"@type":"ListItem","position":2,"name":"Home"}]},{"@type":"WebSite","@id":"https:\/\/www.bgdbabogados.com\/en\/#website","url":"https:\/\/www.bgdbabogados.com\/en\/","name":"BGdB Abogados","description":"Bufete Gimeno del Busto","publisher":{"@id":"https:\/\/www.bgdbabogados.com\/en\/#organization"},"potentialAction":[{"@type":"SearchAction","target":{"@type":"EntryPoint","urlTemplate":"https:\/\/www.bgdbabogados.com\/en\/?s={search_term_string}"},"query-input":{"@type":"PropertyValueSpecification","valueRequired":true,"valueName":"search_term_string"}}],"inLanguage":"en-US"},{"@type":"Organization","@id":"https:\/\/www.bgdbabogados.com\/en\/#organization","name":"BGdB Abogados","url":"https:\/\/www.bgdbabogados.com\/en\/","logo":{"@type":"ImageObject","inLanguage":"en-US","@id":"https:\/\/www.bgdbabogados.com\/en\/#\/schema\/logo\/image\/","url":"https:\/\/www.bgdbabogados.com\/wp-content\/uploads\/2017\/06\/logo-dark-retina.png","contentUrl":"https:\/\/www.bgdbabogados.com\/wp-content\/uploads\/2017\/06\/logo-dark-retina.png","width":273,"height":80,"caption":"BGdB Abogados"},"image":{"@id":"https:\/\/www.bgdbabogados.com\/en\/#\/schema\/logo\/image\/"},"sameAs":["https:\/\/x.com\/BGdB_abogados","https:\/\/www.linkedin.com\/company\/bufete-gimeno-del-busto\/"]}]}},"_links":{"self":[{"href":"https:\/\/www.bgdbabogados.com\/en\/wp-json\/wp\/v2\/pages\/12571","targetHints":{"allow":["GET"]}}],"collection":[{"href":"https:\/\/www.bgdbabogados.com\/en\/wp-json\/wp\/v2\/pages"}],"about":[{"href":"https:\/\/www.bgdbabogados.com\/en\/wp-json\/wp\/v2\/types\/page"}],"author":[{"embeddable":true,"href":"https:\/\/www.bgdbabogados.com\/en\/wp-json\/wp\/v2\/users\/1"}],"replies":[{"embeddable":true,"href":"https:\/\/www.bgdbabogados.com\/en\/wp-json\/wp\/v2\/comments?post=12571"}],"version-history":[{"count":15,"href":"https:\/\/www.bgdbabogados.com\/en\/wp-json\/wp\/v2\/pages\/12571\/revisions"}],"predecessor-version":[{"id":13020,"href":"https:\/\/www.bgdbabogados.com\/en\/wp-json\/wp\/v2\/pages\/12571\/revisions\/13020"}],"wp:attachment":[{"href":"https:\/\/www.bgdbabogados.com\/en\/wp-json\/wp\/v2\/media?parent=12571"}],"curies":[{"name":"wp","href":"https:\/\/api.w.org\/{rel}","templated":true}]}}