{"id":12575,"date":"2018-05-24T15:24:47","date_gmt":"2018-05-24T13:24:47","guid":{"rendered":"http:\/\/www.bgdbabogados.com\/politica-de-cookies\/"},"modified":"2020-03-11T12:07:09","modified_gmt":"2020-03-11T11:07:09","slug":"cookies-policy","status":"publish","type":"page","link":"https:\/\/www.bgdbabogados.com\/en\/cookies-policy\/","title":{"rendered":"Cookies Policy"},"content":{"rendered":"<h3><strong>Pol\u00edtica de Cookies<\/strong><\/h3>\n<p>De conformidad con la normativa espa\u00f1ola que regula el uso de cookies en relaci\u00f3n a la prestaci\u00f3n de servicios de comunicaciones electr\u00f3nicas, recogida en el Real Decreto-ley 13\/2012, de 30 de marzo, le informamos sobre las cookies utilizadas en el Sitio Web de BGdB (en adelante, el \u201cSitio Web\u201d) y el motivo de su uso. Asimismo, BGdB le informa de que al navegar en el Sitio Web usted est\u00e1 prestando su consentimiento para poder utilizarlas.<\/p>\n<p>Una cookie es un dispositivo de almacenamiento de informaci\u00f3n que al acceder a una p\u00e1gina web se descarga en el\u00a0ordenador o dispositivo electr\u00f3nico del usuario con la finalidad de guardar y recuperar informaci\u00f3n para,\u00a0principalmente, agilizar la navegaci\u00f3n del usuario.<\/p>\n<p>Las cookies utilizadas en nuestro Sitio Web, son propias y de terceros, y nos permiten almacenar y acceder a informaci\u00f3n relativa al idioma, el tipo de navegador utilizado, y otras caracter\u00edsticas generales predefinidas por el usuario, as\u00ed como, seguir y analizar la actividad que lleva a cabo, con el objeto de introducir mejoras y prestar nuestros servicios de una manera m\u00e1s eficiente y personalizada.. BGdB trav\u00e9s de terceros (en este caso Google Analytics) utiliza cookies para analizar el\u00a0comportamiento de los usuarios al navegar en la web, siendo una herramienta necesaria para valorar el\u00a0comportamiento de la p\u00e1gina web e introducir mejoras.<\/p>\n<p>La utilizaci\u00f3n de las cookies ofrece numerosas ventajas en la prestaci\u00f3n de servicios de la sociedad de la informaci\u00f3n, puesto que, entre otras: (I) facilita al usuario la navegaci\u00f3n en el Sitio Web y el acceso a los diferentes servicios que ofrece; (II) evita al usuario configurar las caracter\u00edsticas generales predefinidas cada vez que accede al Sitio Web; (III) favorece la mejora del funcionamiento y de los servicios prestados a trav\u00e9s del Sitio Web, tras el correspondiente an\u00e1lisis de la informaci\u00f3n obtenida a trav\u00e9s de las cookies instaladas.<\/p>\n<p>No obstante, puede configurar su navegador, aceptando o rechazando todas las cookies, o bien seleccionar aqu\u00e9llas cuya instalaci\u00f3n admite y cu\u00e1les no, siguiendo uno de los siguientes procedimientos, dependiendo del navegador utilizado:<\/p>\n<p>Google Chrome<br \/>\nConfiguraci\u00f3n &gt; Mostrar opciones avanzadas &gt; Privacidad (Configuraci\u00f3n de Contenido) &gt; Cookies<br \/>\nM\u00e1s informaci\u00f3n: <a href=\"https:\/\/support.google.com\/chrome\/answer\/95647?hl=es\" target=\"_blank\" rel=\"noopener noreferrer\"><span style=\"color: #c0201d;\">https:\/\/support.google.com\/chrome\/answer\/95647?hl=es<\/span><\/a><\/p>\n<p>Microsoft Internet Explorer<br \/>\nOpciones de Internet &gt; Privacidad &gt; Avanzada<br \/>\nM\u00e1s informaci\u00f3n: <span style=\"color: #c0201d;\"><a href=\"http:\/\/windows.microsoft.com\/es-es\/internet-explorer\/delete-manage-cookies#ie=ie-9\" target=\"_blank\" rel=\"noopener noreferrer\"><span style=\"color: #c0201d;\">http:\/\/windows.microsoft.com\/es-es\/internet-explorer\/delete-manage-cookies#ie=ie-9<\/span><\/a><\/span><\/p>\n<p>Firefox<br \/>\nOpciones &gt; Privacidad &gt; Cookies<br \/>\nM\u00e1s informaci\u00f3n: <a href=\"http:\/\/support.mozilla.org\/es\/kb\/habilitar-y-deshabilitar-cookies-que-los-sitios-we\" target=\"_blank\" rel=\"noopener noreferrer\"><span style=\"color: #c0201d;\">http:\/\/support.mozilla.org\/es\/kb\/habilitar-y-deshabilitar-cookies-que-los-sitios-we<\/span><\/a><\/p>\n<p>Safari, iPad y iPhone<br \/>\nPreferencias &gt; Privacidad<br \/>\nM\u00e1s informaci\u00f3n: <a href=\"http:\/\/www.apple.com\/es\/privacy\/use-of-cookies\/\" target=\"_blank\" rel=\"noopener noreferrer\"><span style=\"color: #c0201d;\">http:\/\/www.apple.com\/es\/privacy\/use-of-cookies\/<\/span><\/a><\/p>\n<p>Opera<br \/>\nConfiguraci\u00f3n &gt; Opciones &gt; Avanzado &gt; Cookies<br \/>\nM\u00e1s informaci\u00f3n: <a href=\"http:\/\/help.opera.com\/Linux\/10.60\/es-ES\/cookies.html\" target=\"_blank\" rel=\"noopener noreferrer\"><span style=\"color: #c0201d;\">http:\/\/help.opera.com\/Linux\/10.60\/es-ES\/cookies.html<\/span><\/a><\/p>\n<p>&nbsp;<\/p>\n<h4><strong>Tipos de cookies utilizados en este Sitio Web<\/strong><\/h4>\n<p>Cookies de an\u00e1lisis estad\u00edstico:<br \/>\nSon aquellos dispositivos que, o bien tratados por BGdB o por terceros, permiten medir el n\u00famero de visitantes y estudiar estad\u00edsticamente la utilizaci\u00f3n que hacen los usuarios de nuestros servicios, a fin de optimizar la calidad de nuestros contenidos.<\/p>\n<p>Cookies de mejora del rendimiento:<br \/>\nConservan las preferencias de los usuarios para ciertas herramientas o servicios para que el usuario no tenga que reconfigurarlo cada vez que navega por el portal.<\/p>\n<p>Cookies de geolocalizaci\u00f3n:<br \/>\nEstas cookies son usadas por programas de terceros que tratan de localizar geogr\u00e1ficamente la situaci\u00f3n de su equipo, ordenador, tableta electr\u00f3nica o smartphone, para de manera totalmente an\u00f3nima ofrecerle contenidos y servicios m\u00e1s adecuados.<\/p>\n<p>Cookies de terceros:<br \/>\nSe podr\u00e1n instalar cookies de terceros que permitan gestionar y mejorar los servicios que \u00e9stos ofrecen, como por ejemplo, los enlaces a las redes sociales que permiten compartir nuestros contenidos.<\/p>\n<p>En concreto, el Sitio Web est\u00e1 utilizando las siguientes cookies propias:<\/p>\n<ol>\n<li>PHPSESSID \u2014&gt; esta cookie es nativa de PHP y permite a la web guardar datos serializados de estado. Se usa para establecer sesiones de usuario pasando datos de estado a trav\u00e9s de una cookie temporal tambi\u00e9n conocida como Cookie de sesi\u00f3n. La cookie PHPSESSID no tiene caducidad establecida ya que desaparece cuando se cierra la web. Controla el mantenimiento de la sesi\u00f3n y el acceso a contenidos de acceso restringido.<\/li>\n<li>displayCookieConsent \u2014&gt; se usa para controlar la aceptaci\u00f3n de cookies por parte del usuario.<\/li>\n<li>wfvt \u2014&gt; proporciona seguridad adicional para el contenido de la p\u00e1gina web. No se utiliza para rastrear su actividad en el sitio web. Cookie usada por el m\u00f3dulo de seguridad \u201cwordfence\u201d de WordPress.<\/li>\n<li>wordfence_verifiedHuman \u2014&gt; cookie utilizada para ofrecer seguridad al navegar en la p\u00e1gina Web.<\/li>\n<li>wordpress_test_cookie \u2014&gt; la finalidad es mantener la informaci\u00f3n de los usuarios registrados y si estos permiten el uso de cookies.<\/li>\n<\/ol>\n<p>&nbsp;<\/p>\n<h4><strong>Google Analytics <\/strong><\/h4>\n<p>Nuestro Sitio Web utiliza Google Analytics, una herramienta web prestada por Google, Inc., empresa norteamericana de Delaware cuya oficina principal est\u00e1 en el 1600 Amphitheatre Parkway, Mountain View (California), CA 94043, Estados Unidos.<\/p>\n<p>Google Analytics utiliza cookies para ayudar al titular del Sitio a estudiar y analizar el uso que hacen los usuarios del Sitio Web. Para ello, Google se hace valer de su direcci\u00f3n IP.<\/p>\n<p>La informaci\u00f3n que almacena la cookie, incluyendo su direcci\u00f3n IP, ser\u00e1 directamente transmitida y archivada por Google en los servidores de Estados Unidos (mediante Puerto Seguro).<\/p>\n<p>Google usar\u00e1 estos datos por cuenta nuestra con la finalidad de trazar su navegaci\u00f3n por el Sitio Web y suministrarnos los resultados de los an\u00e1lisis. De esta forma, BGdB obtiene informaci\u00f3n sobre la forma en que los usuarios navegan por el Sitio Web y, en base a esos datos, puede introducir cambios en el Sitio Web.<\/p>\n<p>Google, Inc, podr\u00e1 transmitir esta informaci\u00f3n a terceros cuando as\u00ed lo requiera la legislaci\u00f3n, o cuando terceros proveedores procesen la informaci\u00f3n por cuenta de Google.<\/p>\n<p>Google, Inc. no asociar\u00e1 su direcci\u00f3n IP con ning\u00fan otro dato del que disponga Google.<\/p>\n<p>En todo caso, Vd. puede rechazar el tratamiento de los datos rechazando el uso de cookies mediante la selecci\u00f3n de la configuraci\u00f3n apropiada de su navegador, sin embargo, debe Vd. saber que si lo hace no podemos garantizar la plena funcionalidad de este Sitio Web. Al utilizar este Sitio Web, Vd. consiente el tratamiento de informaci\u00f3n por parte de Google, Inc. en la forma y para los fines arriba indicados.<\/p>\n<p>Para m\u00e1s informaci\u00f3n sobre Google Analytics y sobre c\u00f3mo inhabilitar su uso, puede Vd. consultar la siguiente p\u00e1gina: <span style=\"color: #c0201d;\"><a href=\"https:\/\/www.google.com\/analytics\/learn\/privacy.html?hl=es\" target=\"_blank\" rel=\"noopener noreferrer\">https:\/\/www.google.com\/analytics\/learn\/privacy.html?hl=es<\/a><\/span>.<\/p>\n","protected":false},"excerpt":{"rendered":"<p>Pol\u00edtica de Cookies De conformidad con la normativa espa\u00f1ola que regula el uso de cookies en relaci\u00f3n a la prestaci\u00f3n de servicios de comunicaciones electr\u00f3nicas, recogida en el Real Decreto-ley<\/p>\n","protected":false},"author":1,"featured_media":0,"parent":0,"menu_order":0,"comment_status":"closed","ping_status":"closed","template":"","meta":{"footnotes":""},"class_list":["post-12575","page","type-page","status-publish","hentry"],"yoast_head":"<!-- This site is optimized with the Yoast SEO plugin v27.4 - https:\/\/yoast.com\/product\/yoast-seo-wordpress\/ -->\n<title>Cookies Policy - BGdB Abogados<\/title>\n<meta name=\"robots\" content=\"index, follow, max-snippet:-1, max-image-preview:large, max-video-preview:-1\" \/>\n<link rel=\"canonical\" href=\"https:\/\/www.bgdbabogados.com\/en\/cookies-policy\/\" \/>\n<meta property=\"og:locale\" content=\"en_US\" \/>\n<meta property=\"og:type\" content=\"article\" \/>\n<meta property=\"og:title\" content=\"Cookies Policy - BGdB Abogados\" \/>\n<meta property=\"og:description\" content=\"Pol\u00edtica de Cookies De conformidad con la normativa espa\u00f1ola que regula el uso de cookies en relaci\u00f3n a la prestaci\u00f3n de servicios de comunicaciones electr\u00f3nicas, recogida en el Real Decreto-ley\" \/>\n<meta property=\"og:url\" content=\"https:\/\/www.bgdbabogados.com\/en\/cookies-policy\/\" \/>\n<meta property=\"og:site_name\" content=\"BGdB Abogados\" \/>\n<meta property=\"article:modified_time\" content=\"2020-03-11T11:07:09+00:00\" \/>\n<meta name=\"twitter:card\" content=\"summary_large_image\" \/>\n<meta name=\"twitter:site\" content=\"@BGdB_abogados\" \/>\n<meta name=\"twitter:label1\" content=\"Est. reading time\" \/>\n\t<meta name=\"twitter:data1\" content=\"6 minutes\" \/>\n<script type=\"application\/ld+json\" class=\"yoast-schema-graph\">{\"@context\":\"https:\\\/\\\/schema.org\",\"@graph\":[{\"@type\":\"WebPage\",\"@id\":\"https:\\\/\\\/www.bgdbabogados.com\\\/en\\\/cookies-policy\\\/\",\"url\":\"https:\\\/\\\/www.bgdbabogados.com\\\/en\\\/cookies-policy\\\/\",\"name\":\"Cookies Policy - BGdB Abogados\",\"isPartOf\":{\"@id\":\"https:\\\/\\\/www.bgdbabogados.com\\\/en\\\/#website\"},\"datePublished\":\"2018-05-24T13:24:47+00:00\",\"dateModified\":\"2020-03-11T11:07:09+00:00\",\"breadcrumb\":{\"@id\":\"https:\\\/\\\/www.bgdbabogados.com\\\/en\\\/cookies-policy\\\/#breadcrumb\"},\"inLanguage\":\"en-US\",\"potentialAction\":[{\"@type\":\"ReadAction\",\"target\":[\"https:\\\/\\\/www.bgdbabogados.com\\\/en\\\/cookies-policy\\\/\"]}]},{\"@type\":\"BreadcrumbList\",\"@id\":\"https:\\\/\\\/www.bgdbabogados.com\\\/en\\\/cookies-policy\\\/#breadcrumb\",\"itemListElement\":[{\"@type\":\"ListItem\",\"position\":1,\"name\":\"Portada\",\"item\":\"https:\\\/\\\/www.bgdbabogados.com\\\/en\\\/\"},{\"@type\":\"ListItem\",\"position\":2,\"name\":\"Cookies Policy\"}]},{\"@type\":\"WebSite\",\"@id\":\"https:\\\/\\\/www.bgdbabogados.com\\\/en\\\/#website\",\"url\":\"https:\\\/\\\/www.bgdbabogados.com\\\/en\\\/\",\"name\":\"BGdB Abogados\",\"description\":\"Bufete Gimeno del Busto\",\"publisher\":{\"@id\":\"https:\\\/\\\/www.bgdbabogados.com\\\/en\\\/#organization\"},\"potentialAction\":[{\"@type\":\"SearchAction\",\"target\":{\"@type\":\"EntryPoint\",\"urlTemplate\":\"https:\\\/\\\/www.bgdbabogados.com\\\/en\\\/?s={search_term_string}\"},\"query-input\":{\"@type\":\"PropertyValueSpecification\",\"valueRequired\":true,\"valueName\":\"search_term_string\"}}],\"inLanguage\":\"en-US\"},{\"@type\":\"Organization\",\"@id\":\"https:\\\/\\\/www.bgdbabogados.com\\\/en\\\/#organization\",\"name\":\"BGdB Abogados\",\"url\":\"https:\\\/\\\/www.bgdbabogados.com\\\/en\\\/\",\"logo\":{\"@type\":\"ImageObject\",\"inLanguage\":\"en-US\",\"@id\":\"https:\\\/\\\/www.bgdbabogados.com\\\/en\\\/#\\\/schema\\\/logo\\\/image\\\/\",\"url\":\"https:\\\/\\\/www.bgdbabogados.com\\\/wp-content\\\/uploads\\\/2017\\\/06\\\/logo-dark-retina.png\",\"contentUrl\":\"https:\\\/\\\/www.bgdbabogados.com\\\/wp-content\\\/uploads\\\/2017\\\/06\\\/logo-dark-retina.png\",\"width\":273,\"height\":80,\"caption\":\"BGdB Abogados\"},\"image\":{\"@id\":\"https:\\\/\\\/www.bgdbabogados.com\\\/en\\\/#\\\/schema\\\/logo\\\/image\\\/\"},\"sameAs\":[\"https:\\\/\\\/x.com\\\/BGdB_abogados\",\"https:\\\/\\\/www.linkedin.com\\\/company\\\/bufete-gimeno-del-busto\\\/\"]}]}<\/script>\n<!-- \/ Yoast SEO plugin. -->","yoast_head_json":{"title":"Cookies Policy - BGdB Abogados","robots":{"index":"index","follow":"follow","max-snippet":"max-snippet:-1","max-image-preview":"max-image-preview:large","max-video-preview":"max-video-preview:-1"},"canonical":"https:\/\/www.bgdbabogados.com\/en\/cookies-policy\/","og_locale":"en_US","og_type":"article","og_title":"Cookies Policy - BGdB Abogados","og_description":"Pol\u00edtica de Cookies De conformidad con la normativa espa\u00f1ola que regula el uso de cookies en relaci\u00f3n a la prestaci\u00f3n de servicios de comunicaciones electr\u00f3nicas, recogida en el Real Decreto-ley","og_url":"https:\/\/www.bgdbabogados.com\/en\/cookies-policy\/","og_site_name":"BGdB Abogados","article_modified_time":"2020-03-11T11:07:09+00:00","twitter_card":"summary_large_image","twitter_site":"@BGdB_abogados","twitter_misc":{"Est. reading time":"6 minutes"},"schema":{"@context":"https:\/\/schema.org","@graph":[{"@type":"WebPage","@id":"https:\/\/www.bgdbabogados.com\/en\/cookies-policy\/","url":"https:\/\/www.bgdbabogados.com\/en\/cookies-policy\/","name":"Cookies Policy - BGdB Abogados","isPartOf":{"@id":"https:\/\/www.bgdbabogados.com\/en\/#website"},"datePublished":"2018-05-24T13:24:47+00:00","dateModified":"2020-03-11T11:07:09+00:00","breadcrumb":{"@id":"https:\/\/www.bgdbabogados.com\/en\/cookies-policy\/#breadcrumb"},"inLanguage":"en-US","potentialAction":[{"@type":"ReadAction","target":["https:\/\/www.bgdbabogados.com\/en\/cookies-policy\/"]}]},{"@type":"BreadcrumbList","@id":"https:\/\/www.bgdbabogados.com\/en\/cookies-policy\/#breadcrumb","itemListElement":[{"@type":"ListItem","position":1,"name":"Portada","item":"https:\/\/www.bgdbabogados.com\/en\/"},{"@type":"ListItem","position":2,"name":"Cookies Policy"}]},{"@type":"WebSite","@id":"https:\/\/www.bgdbabogados.com\/en\/#website","url":"https:\/\/www.bgdbabogados.com\/en\/","name":"BGdB Abogados","description":"Bufete Gimeno del Busto","publisher":{"@id":"https:\/\/www.bgdbabogados.com\/en\/#organization"},"potentialAction":[{"@type":"SearchAction","target":{"@type":"EntryPoint","urlTemplate":"https:\/\/www.bgdbabogados.com\/en\/?s={search_term_string}"},"query-input":{"@type":"PropertyValueSpecification","valueRequired":true,"valueName":"search_term_string"}}],"inLanguage":"en-US"},{"@type":"Organization","@id":"https:\/\/www.bgdbabogados.com\/en\/#organization","name":"BGdB Abogados","url":"https:\/\/www.bgdbabogados.com\/en\/","logo":{"@type":"ImageObject","inLanguage":"en-US","@id":"https:\/\/www.bgdbabogados.com\/en\/#\/schema\/logo\/image\/","url":"https:\/\/www.bgdbabogados.com\/wp-content\/uploads\/2017\/06\/logo-dark-retina.png","contentUrl":"https:\/\/www.bgdbabogados.com\/wp-content\/uploads\/2017\/06\/logo-dark-retina.png","width":273,"height":80,"caption":"BGdB Abogados"},"image":{"@id":"https:\/\/www.bgdbabogados.com\/en\/#\/schema\/logo\/image\/"},"sameAs":["https:\/\/x.com\/BGdB_abogados","https:\/\/www.linkedin.com\/company\/bufete-gimeno-del-busto\/"]}]}},"_links":{"self":[{"href":"https:\/\/www.bgdbabogados.com\/en\/wp-json\/wp\/v2\/pages\/12575","targetHints":{"allow":["GET"]}}],"collection":[{"href":"https:\/\/www.bgdbabogados.com\/en\/wp-json\/wp\/v2\/pages"}],"about":[{"href":"https:\/\/www.bgdbabogados.com\/en\/wp-json\/wp\/v2\/types\/page"}],"author":[{"embeddable":true,"href":"https:\/\/www.bgdbabogados.com\/en\/wp-json\/wp\/v2\/users\/1"}],"replies":[{"embeddable":true,"href":"https:\/\/www.bgdbabogados.com\/en\/wp-json\/wp\/v2\/comments?post=12575"}],"version-history":[{"count":1,"href":"https:\/\/www.bgdbabogados.com\/en\/wp-json\/wp\/v2\/pages\/12575\/revisions"}],"predecessor-version":[{"id":12622,"href":"https:\/\/www.bgdbabogados.com\/en\/wp-json\/wp\/v2\/pages\/12575\/revisions\/12622"}],"wp:attachment":[{"href":"https:\/\/www.bgdbabogados.com\/en\/wp-json\/wp\/v2\/media?parent=12575"}],"curies":[{"name":"wp","href":"https:\/\/api.w.org\/{rel}","templated":true}]}}